
{"id":2900,"date":"2022-07-06T08:36:38","date_gmt":"2022-07-06T06:36:38","guid":{"rendered":"http:\/\/e-safebike.pl\/?page_id=2900"},"modified":"2022-07-06T08:50:59","modified_gmt":"2022-07-06T06:50:59","slug":"polityka-prywatnosci-aplikacji-e-safebike","status":"publish","type":"page","link":"http:\/\/e-safebike.pl\/en\/polityka-prywatnosci-aplikacji-e-safebike\/","title":{"rendered":""},"content":{"rendered":"<h1 class=\"wp-block-heading\">Polityka prywatno\u015bci aplikacji &#8222;e-safeBike&#8221;<\/h1>\n\n\n\n<p><br>Ostatnia aktualizacja: 06\/07\/2022<\/p>\n\n\n\n<p>Innowacyjny projekt e-SafeBike polega na mo\u017cliwo\u015bci bezpiecznego przechowywania jedno\u015blad\u00f3w. Boksy gara\u017cowe oparte s\u0105 na systemie modu\u0142owym, co oznacza, \u017ce mo\u017cesz wybra\u0107 do swojej przestrzeni tyle boks\u00f3w, ile aktualnie potrzebujesz, a nast\u0119pnie doda\u0107 kolejne w dowolnym czasie. Jeden boks mie\u015bci jeden \u015brodek transportu. Z poziomu aplikacji mobilnej dost\u0119pne jest m.in. wyszukanie na mapie boks\u00f3w rowerowych i dokonanie rezerwacji (zwane dalej \u0142\u0105cznie \u201e<strong>Us\u0142ugami<\/strong>\u201d). \u015awiadcz\u0105c Us\u0142ugi nie zapominamy o ochronie Pa\u0144stwa sfery prywatnej i chcemy poinformowa\u0107 Pa\u0144stwa, w jaki spos\u00f3b zbieramy, wykorzystujemy i ujawniamy Dane osobowe (zgodnie z definicj\u0105 poni\u017cej). Niniejsza Polityka prywatno\u015bci opisuje nasze praktyki post\u0119powania z danymi osobowymi, kt\u00f3re gromadzimy za po\u015brednictwem aplikacji mobilnej \u201ee-safeBike\u201d (zwan\u0105 dalej \u201e<strong>Aplikacj\u0105<\/strong>\u201d).<\/p>\n\n\n\n<p>Podmiotem odpowiedzialnym za prawid\u0142owe \u015bwiadczenie us\u0142ug, w ramach Aplikacji jest:&nbsp; SYSTEmEG Net Sp. Z o.o. z siedzib\u0105 we Wroc\u0142awiu, ul. Ostrowskiego 7\/510 53-238, NIP 8992804532 (zwany dalej \u201c<strong>Administratorem<\/strong>\u201d).<\/p>\n\n\n\n<p><strong>U\u017cytkownikiem<\/strong> Aplikacji jest ka\u017cdy, kto instaluje j\u0105 na urz\u0105dzeniu mobilnym i korzysta z jej funkcji.<\/p>\n\n\n\n<p><strong>Wa\u017cna informacja<\/strong><\/p>\n\n\n\n<p>\u015aci\u0105gni\u0119cie, zainstalowanie i korzystanie z aplikacji s\u0105 r\u00f3wnoznaczne z wyra\u017ceniem przez Pa\u0144stwa zgody na gromadzenie, wykorzystywanie oraz przesy\u0142anie Pa\u0144stwa danych osobowych w celu przetwarzania w spos\u00f3b opisany w niniejszej polityce prywatno\u015bci.&nbsp;<\/p>\n\n\n\n<p><strong>Dane osobowe w Aplikacji<\/strong><\/p>\n\n\n\n<p>1)&nbsp; &nbsp; \u201e<strong>Dane osobowe<\/strong>\u201d s\u0105 to informacje, kt\u00f3re mog\u0105 by\u0107 wykorzystane do zidentyfikowania Pa\u0144stwa, bezpo\u015brednio lub po\u015brednio, samodzielnie lub \u0142\u0105cznie z innymi informacjami.&nbsp;<\/p>\n\n\n\n<p>2)&nbsp; &nbsp; Niekt\u00f3re dane otrzymujemy od U\u017cytkownik\u00f3w bezpo\u015brednio, na przyk\u0142ad podczas zak\u0142adania Konta w Aplikacji. Otrzymane dane obejmuj\u0105 imi\u0119, nazwisko, adres email i numer telefonu.<\/p>\n\n\n\n<p>3)&nbsp; &nbsp; Podczas u\u017cytkowania Aplikacji i udzieleniu zgody na udost\u0119pnieniu lokalizacji U\u017cytkownika, dane globalizacyjne nie s\u0105 wysy\u0142ane na serwer Administratora. Us\u0142uga realizowana jest w obr\u0119bie funkcjonalno\u015bci modu\u0142u GPS urz\u0105dzenia mobilnego. Aplikacja korzysta z wewn\u0119trznych serwis\u00f3w podk\u0142ad\u00f3w mapowych Administratora.&nbsp;<\/p>\n\n\n\n<p>4)&nbsp; &nbsp; Otrzymywanie danych ze \u017ar\u00f3de\u0142 zewn\u0119trznych nast\u0119puje w momencie za\u0142o\u017cenia Konta przez U\u017cytkownika za pomoc\u0105 zewn\u0119trznych serwis\u00f3w takich jak Facebook, Google i AppleID. Dodatkowe informacje dotycz\u0105ce przetwarzania Pa\u0144stwa danych przez wymienione serwisy mo\u017cna uzyska\u0107 na stronach (<a href=\"https:\/\/www.facebook.com\/privacy\/policy\/?entry_point=data_policy_redirect&amp;entry=0\">https:\/\/www.facebook.com\/privacy\/policy\/?entry_point=data_policy_redirect&amp;entry=0<\/a>,<br><a href=\"https:\/\/policies.google.com\/privacy?hl=pl\">https:\/\/policies.google.com\/privacy?hl=pl<\/a>,&nbsp; <a href=\"https:\/\/www.apple.com\/pl\/legal\/privacy\/data\/pl\/apple-id\/\">https:\/\/www.apple.com\/pl\/legal\/privacy\/data\/pl\/apple-id\/<\/a>).<\/p>\n\n\n\n<p>5)&nbsp; &nbsp; W Aplikacji przetwarzanie danych biometrycznych w celu usprawnienia logowania i przyspieszenia autoryzacji odbywa si\u0119 zgodnie z art.9 ust. 2 RODO gdy osoba, kt\u00f3rej dane dotycz\u0105 wyrazi\u0142a zgod\u0119 na taki spos\u00f3b logowania do Aplikacji. Dane biometryczne s\u0105 przetwarzane za pomoc\u0105 us\u0142ug oferowanych przez system operacyjny urz\u0105dzeania mobilnego U\u017cytkownika.<\/p>\n\n\n\n<p>6)&nbsp; &nbsp; Zebrane dane osobowe U\u017cytkownika b\u0119d\u0105 wykorzystywane przez Administratora celem dostarczenia wybranej przez U\u017cytkownika us\u0142ugi.<\/p>\n\n\n\n<p>7)&nbsp; &nbsp; Dane osobowe nie s\u0105 przetwarzane w celach marketingowych i statystycznych.<\/p>\n\n\n\n<p>8)&nbsp; &nbsp; Administrator nie przekazuje innym podmiotom informacji o charakterze statystycznym lub technicznym.<\/p>\n\n\n\n<p>9)&nbsp; &nbsp; W Aplikacji nie pojawiaj\u0105 si\u0119 reklamy.<\/p>\n\n\n\n<p><strong>Platforma<\/strong><\/p>\n\n\n\n<p>1)&nbsp; &nbsp; W przypadku pobrania Aplikacji w wersji na system Apple iOS, pobrane dane b\u0119d\u0105 przetwarzane za po\u015brednictwem sklepu z aplikacjami \u201eApp Store\u201d, prowadzonego przez Apple, Inc., 1 Infinite Loop, Cupertino, California 95014, USA (\u201eApple, Inc\u201d) w celach eksploatacji Aplikacji, a dane b\u0119d\u0105 przekazywane do Apple, Inc. Dodatkowe informacje dotycz\u0105ce przetwarzania Pa\u0144stwa danych przez Apple, Inc. mo\u017cna uzyska\u0107 na stronie <a href=\"https:\/\/www.apple.com\/pl\/legal\/privacy\/pl\/\">https:\/\/www.apple.com\/pl\/legal\/privacy\/pl\/<\/a>.<\/p>\n\n\n\n<p>2)&nbsp; &nbsp; W przypadku pobrania Aplikacji w wersji na system Android, pobrane dane b\u0119d\u0105 przetwarzane za po\u015brednictwem sklepu z aplikacjami \u201eSklep Google Play\u201d, prowadzonego przez Google LLC, 1600 Amphitheatre Parkway, Mountain View, California 94043, USA (\u201eGoogle LLC\u201d) w celach eksploatacji Aplikacji, a dane b\u0119d\u0105 przekazywane do Google LLC. Dodatkowe informacje dotycz\u0105ce przetwarzania Pa\u0144stwa danych przez Google LLC mo\u017cna uzyska\u0107 na stronie <a href=\"https:\/\/www.google.com\/intl\/pl\/policies\/privacy\/\">https:\/\/www.google.com\/intl\/pl\/policies\/privacy\/<\/a>.<\/p>\n\n\n\n<p><strong>Powiadomienia<\/strong><\/p>\n\n\n\n<p>1)&nbsp; &nbsp; Aplikacja pozwala na otrzymywanie powiadomie\u0144 \u201epush\u201d, kt\u00f3re dzia\u0142aj\u0105, gdy Aplikacja pracuje w tle i nie jest uruchomiona. U\u017cytkownik posiada mo\u017cliwo\u015b\u0107 ca\u0142kowitego wy\u0142\u0105czenia tej funkcji. W takim trybie komunikaty b\u0119d\u0105 pobierane dopiero po uruchomieniu Aplikacji i uzyskaniu po\u0142\u0105czenia z serwerem.<\/p>\n\n\n\n<p>2)&nbsp; &nbsp; Powiadomienia \u201epush\u201d realizowane s\u0105 przy pomocy wieloplatformowego rozwi\u0105zania Firebase Cloud Messaging (FCM) firmy Google LLC. Dodatkowe informacje dotycz\u0105ce przetwarzania Pa\u0144stwa danych przez Google LLC mo\u017cna uzyska\u0107 na stronie <a href=\"https:\/\/firebase.google.com\/support\/privacy\">https:\/\/firebase.google.com\/support\/privacy<\/a>.<\/p>\n\n\n\n<p><strong>Dzieci<\/strong><\/p>\n\n\n\n<p>1)&nbsp; &nbsp; \u015awiadomie nie gromadzimy Danych osobowych dzieci poni\u017cej 16 roku \u017cycia. Je\u015bli dowiedz\u0105 si\u0119 Pa\u0144stwo o tym, \u017ce dziecko udost\u0119pni\u0142o nam Dane osobowe bez zgody rodzic\u00f3w, prosimy si\u0119 z nami skontaktowa\u0107. Je\u015bli dowiemy si\u0119 o tym, \u017ce dziecko poni\u017cej trzynastego roku \u017cycia udost\u0119pni\u0142o nam Dane osobowe bez zgody rodzic\u00f3w, podejmiemy kroki maj\u0105ce na celu usuni\u0119cie danych i anulowanie konta dziecka.<\/p>\n\n\n\n<p><strong>Prawa i obowi\u0105zki Administratora<\/strong><\/p>\n\n\n\n<p>1)&nbsp; &nbsp; Administrator zobowi\u0105zuje si\u0119 przetwarza\u0107 dane osobowe U\u017cytkownika z zachowaniem wymog\u00f3w Ustawy z dnia 29 sierpnia 1997 roku o ochronie danych osobowych oraz Ustawy z dnia 18 lipca 2002 roku o \u015bwiadczeniu us\u0142ug drog\u0105 elektroniczn\u0105.<\/p>\n\n\n\n<p>2)&nbsp; &nbsp; Administrator gwarantuje zapewnienie odpowiednich \u015brodk\u00f3w technicznych i organizacyjnych zapewniaj\u0105cych bezpiecze\u0144stwo przetwarzanych danych osobowych, w szczeg\u00f3lno\u015bci uniemo\u017cliwiaj\u0105cych dost\u0119p do nich nieuprawnionym osobom trzecim, lub ich przetwarzania z naruszeniem przepis\u00f3w powszechnie obowi\u0105zuj\u0105cego prawa, zapobiegaj\u0105cych utracie danych osobowych, ich uszkodzeniu lub zniszczeniu.<\/p>\n\n\n\n<p>3)&nbsp; &nbsp; Dane osobowe U\u017cytkownika b\u0119d\u0105 przechowywane tak d\u0142ugo, jak b\u0119dzie to konieczne do realizacji przez Administratora us\u0142ug \u015bwiadczonych za po\u015brednictwem Aplikacji.<\/p>\n\n\n\n<p>4)&nbsp; &nbsp; Administrator ma prawo udost\u0119pniania danych osobowych U\u017cytkownika: sp\u00f3\u0142kom zale\u017cnym; stronom trzecim w przypadku sprzeda\u017cy im ca\u0142o\u015bci lub cz\u0119\u015bci swoich udzia\u0142\u00f3w, lub w przypadku fuzji Administratora ze stron\u0105a trzeci\u0105, lub nabycia udzia\u0142\u00f3w w Sp\u00f3\u0142ce Administratora przez stron\u0119 trzeci\u0105; innym podmiotom trzecim, kt\u00f3re zaakceptowa\u0142y Polityk\u0119 Prywatno\u015bci, o ile Administrator zawar\u0142 z nim umow\u0119 konieczn\u0105 do realizacji przez Administratora us\u0142ug \u015bwiadczonych za po\u015brednictwem Aplikacji; w\u0142a\u015bciwym organom, kt\u00f3re zg\u0142osz\u0105 konieczno\u015b\u0107 udostepnienia danych osobowych w oparciu o odpowiednie podstawy powszechnie obowi\u0105zuj\u0105cego prawa.<\/p>\n\n\n\n<p><strong>Prawa i obowi\u0105zki U\u017cytkownika<\/strong><\/p>\n\n\n\n<p>1)&nbsp; &nbsp; U\u017cytkownik ma prawo dost\u0119pu do swoich danych osobowych za po\u015brednictwem Aplikacji.<\/p>\n\n\n\n<p>2)&nbsp; &nbsp; U\u017cytkownik mo\u017ce w ka\u017cdej chwili dokona\u0107 modyfikacji, zmiany, uzupe\u0142nienia lub usuni\u0119cia udost\u0119pnionych danych osobowych, za po\u015brednictwem narz\u0119dzi dost\u0119pnych w Aplikacji.<\/p>\n\n\n\n<p>3)&nbsp; &nbsp; W przypadku trwa\u0142ego usuni\u0119cia przez U\u017cytkownika danych osobowych, koniecznych do realizacji przez Administratora us\u0142ug \u015bwiadczonych za po\u015brednictwem Aplikacji, U\u017cytkownik utraci mo\u017cliwo\u015b\u0107 korzystania z tych us\u0142ug.<\/p>\n\n\n\n<p>4)&nbsp; &nbsp; Administrator zastrzega sobie prawo wprowadzenia zmian w Polityce Prywatno\u015bci. Wszelkie zmiany b\u0119d\u0105 publikowane niezw\u0142ocznie na stronie internetowej.<\/p>\n\n\n\n<p><\/p>","protected":false},"excerpt":{"rendered":"<p>Polityka prywatno\u015bci aplikacji &#8222;e-safeBike&#8221; Ostatnia aktualizacja: 06\/07\/2022 Innowacyjny projekt e-SafeBike polega na mo\u017cliwo\u015bci bezpiecznego przechowywania jedno\u015blad\u00f3w. Boksy gara\u017cowe oparte s\u0105 na systemie modu\u0142owym, co oznacza, \u017ce mo\u017cesz wybra\u0107 do swojej przestrzeni tyle boks\u00f3w, ile aktualnie potrzebujesz, a nast\u0119pnie doda\u0107 kolejne w dowolnym czasie. Jeden boks mie\u015bci jeden \u015brodek transportu. Z poziomu aplikacji mobilnej dost\u0119pne jest [&hellip;]<\/p>","protected":false},"author":1,"featured_media":0,"parent":0,"menu_order":0,"comment_status":"closed","ping_status":"closed","template":"..\/public\/views\/revslider-page-template.php","meta":[],"yoast_head":"<!-- This site is optimized with the Yoast SEO plugin v20.0 - https:\/\/yoast.com\/wordpress\/plugins\/seo\/ -->\n<title>- e-safeBike<\/title>\n<meta name=\"robots\" content=\"noindex, nofollow\" \/>\n<meta property=\"og:locale\" content=\"en_GB\" \/>\n<meta property=\"og:type\" content=\"article\" \/>\n<meta property=\"og:title\" content=\"- e-safeBike\" \/>\n<meta property=\"og:description\" content=\"Polityka prywatno\u015bci aplikacji &#8222;e-safeBike&#8221; Ostatnia aktualizacja: 06\/07\/2022 Innowacyjny projekt e-SafeBike polega na mo\u017cliwo\u015bci bezpiecznego przechowywania jedno\u015blad\u00f3w. Boksy gara\u017cowe oparte s\u0105 na systemie modu\u0142owym, co oznacza, \u017ce mo\u017cesz wybra\u0107 do swojej przestrzeni tyle boks\u00f3w, ile aktualnie potrzebujesz, a nast\u0119pnie doda\u0107 kolejne w dowolnym czasie. Jeden boks mie\u015bci jeden \u015brodek transportu. Z poziomu aplikacji mobilnej dost\u0119pne jest [&hellip;]\" \/>\n<meta property=\"og:url\" content=\"http:\/\/e-safebike.pl\/en\/polityka-prywatnosci-aplikacji-e-safebike\/\" \/>\n<meta property=\"og:site_name\" content=\"e-safeBike\" \/>\n<meta property=\"article:modified_time\" content=\"2022-07-06T06:50:59+00:00\" \/>\n<meta name=\"twitter:card\" content=\"summary_large_image\" \/>\n<meta name=\"twitter:label1\" content=\"Estimated reading time\" \/>\n\t<meta name=\"twitter:data1\" content=\"6 minutes\" \/>\n<script type=\"application\/ld+json\" class=\"yoast-schema-graph\">{\"@context\":\"https:\/\/schema.org\",\"@graph\":[{\"@type\":\"WebPage\",\"@id\":\"https:\/\/e-safebike.pl\/polityka-prywatnosci-aplikacji-e-safebike\/\",\"url\":\"https:\/\/e-safebike.pl\/polityka-prywatnosci-aplikacji-e-safebike\/\",\"name\":\"- e-safeBike\",\"isPartOf\":{\"@id\":\"https:\/\/e-safebike.pl\/#website\"},\"datePublished\":\"2022-07-06T06:36:38+00:00\",\"dateModified\":\"2022-07-06T06:50:59+00:00\",\"inLanguage\":\"en-GB\",\"potentialAction\":[{\"@type\":\"ReadAction\",\"target\":[\"https:\/\/e-safebike.pl\/polityka-prywatnosci-aplikacji-e-safebike\/\"]}]},{\"@type\":\"WebSite\",\"@id\":\"https:\/\/e-safebike.pl\/#website\",\"url\":\"https:\/\/e-safebike.pl\/\",\"name\":\"e-safeBike\",\"description\":\"\",\"publisher\":{\"@id\":\"https:\/\/e-safebike.pl\/#organization\"},\"potentialAction\":[{\"@type\":\"SearchAction\",\"target\":{\"@type\":\"EntryPoint\",\"urlTemplate\":\"https:\/\/e-safebike.pl\/?s={search_term_string}\"},\"query-input\":\"required name=search_term_string\"}],\"inLanguage\":\"en-GB\"},{\"@type\":\"Organization\",\"@id\":\"https:\/\/e-safebike.pl\/#organization\",\"name\":\"e-safeBike\",\"url\":\"https:\/\/e-safebike.pl\/\",\"logo\":{\"@type\":\"ImageObject\",\"inLanguage\":\"en-GB\",\"@id\":\"https:\/\/e-safebike.pl\/#\/schema\/logo\/image\/\",\"url\":\"http:\/\/e-safebike.pl\/wp-content\/uploads\/2022\/05\/logo_e-safebike.png\",\"contentUrl\":\"http:\/\/e-safebike.pl\/wp-content\/uploads\/2022\/05\/logo_e-safebike.png\",\"width\":512,\"height\":300,\"caption\":\"e-safeBike\"},\"image\":{\"@id\":\"https:\/\/e-safebike.pl\/#\/schema\/logo\/image\/\"}}]}<\/script>\n<!-- \/ Yoast SEO plugin. -->","yoast_head_json":{"title":"- e-safeBike","robots":{"index":"noindex","follow":"nofollow"},"og_locale":"en_GB","og_type":"article","og_title":"- e-safeBike","og_description":"Polityka prywatno\u015bci aplikacji &#8222;e-safeBike&#8221; Ostatnia aktualizacja: 06\/07\/2022 Innowacyjny projekt e-SafeBike polega na mo\u017cliwo\u015bci bezpiecznego przechowywania jedno\u015blad\u00f3w. Boksy gara\u017cowe oparte s\u0105 na systemie modu\u0142owym, co oznacza, \u017ce mo\u017cesz wybra\u0107 do swojej przestrzeni tyle boks\u00f3w, ile aktualnie potrzebujesz, a nast\u0119pnie doda\u0107 kolejne w dowolnym czasie. Jeden boks mie\u015bci jeden \u015brodek transportu. Z poziomu aplikacji mobilnej dost\u0119pne jest [&hellip;]","og_url":"http:\/\/e-safebike.pl\/en\/polityka-prywatnosci-aplikacji-e-safebike\/","og_site_name":"e-safeBike","article_modified_time":"2022-07-06T06:50:59+00:00","twitter_card":"summary_large_image","twitter_misc":{"Estimated reading time":"6 minutes"},"schema":{"@context":"https:\/\/schema.org","@graph":[{"@type":"WebPage","@id":"https:\/\/e-safebike.pl\/polityka-prywatnosci-aplikacji-e-safebike\/","url":"https:\/\/e-safebike.pl\/polityka-prywatnosci-aplikacji-e-safebike\/","name":"- e-safeBike","isPartOf":{"@id":"https:\/\/e-safebike.pl\/#website"},"datePublished":"2022-07-06T06:36:38+00:00","dateModified":"2022-07-06T06:50:59+00:00","inLanguage":"en-GB","potentialAction":[{"@type":"ReadAction","target":["https:\/\/e-safebike.pl\/polityka-prywatnosci-aplikacji-e-safebike\/"]}]},{"@type":"WebSite","@id":"https:\/\/e-safebike.pl\/#website","url":"https:\/\/e-safebike.pl\/","name":"e-safeBike","description":"","publisher":{"@id":"https:\/\/e-safebike.pl\/#organization"},"potentialAction":[{"@type":"SearchAction","target":{"@type":"EntryPoint","urlTemplate":"https:\/\/e-safebike.pl\/?s={search_term_string}"},"query-input":"required name=search_term_string"}],"inLanguage":"en-GB"},{"@type":"Organization","@id":"https:\/\/e-safebike.pl\/#organization","name":"e-safeBike","url":"https:\/\/e-safebike.pl\/","logo":{"@type":"ImageObject","inLanguage":"en-GB","@id":"https:\/\/e-safebike.pl\/#\/schema\/logo\/image\/","url":"http:\/\/e-safebike.pl\/wp-content\/uploads\/2022\/05\/logo_e-safebike.png","contentUrl":"http:\/\/e-safebike.pl\/wp-content\/uploads\/2022\/05\/logo_e-safebike.png","width":512,"height":300,"caption":"e-safeBike"},"image":{"@id":"https:\/\/e-safebike.pl\/#\/schema\/logo\/image\/"}}]}},"_links":{"self":[{"href":"http:\/\/e-safebike.pl\/en\/wp-json\/wp\/v2\/pages\/2900"}],"collection":[{"href":"http:\/\/e-safebike.pl\/en\/wp-json\/wp\/v2\/pages"}],"about":[{"href":"http:\/\/e-safebike.pl\/en\/wp-json\/wp\/v2\/types\/page"}],"author":[{"embeddable":true,"href":"http:\/\/e-safebike.pl\/en\/wp-json\/wp\/v2\/users\/1"}],"replies":[{"embeddable":true,"href":"http:\/\/e-safebike.pl\/en\/wp-json\/wp\/v2\/comments?post=2900"}],"version-history":[{"count":6,"href":"http:\/\/e-safebike.pl\/en\/wp-json\/wp\/v2\/pages\/2900\/revisions"}],"predecessor-version":[{"id":2920,"href":"http:\/\/e-safebike.pl\/en\/wp-json\/wp\/v2\/pages\/2900\/revisions\/2920"}],"wp:attachment":[{"href":"http:\/\/e-safebike.pl\/en\/wp-json\/wp\/v2\/media?parent=2900"}],"curies":[{"name":"wp","href":"https:\/\/api.w.org\/{rel}","templated":true}]}}